{"id":165,"date":"2022-05-31T05:50:38","date_gmt":"2022-05-31T05:50:38","guid":{"rendered":"http:\/\/localhost\/zbirka_pjesama\/home-hrvatski"},"modified":"2023-01-16T12:06:50","modified_gmt":"2023-01-16T12:06:50","slug":"home-hrvatski","status":"publish","type":"page","link":"https:\/\/leurebookpublisher.com\/?lang=hr","title":{"rendered":"DOMA"},"content":{"rendered":"<p>[vc_row el_id=&#8221;naslovnica_sadrzaj&#8221; css=&#8221;.vc_custom_1673870806750{margin-top: 60px !important;margin-right: 0px !important;margin-left: 0px !important;}&#8221;][vc_column css_animation=&#8221;fadeIn&#8221; css=&#8221;.vc_custom_1673862243930{margin-bottom: 20px !important;padding-right: 50px !important;padding-left: 50px !important;}&#8221;][vc_column_text css=&#8221;.vc_custom_1673860529739{padding-right: 0px !important;padding-left: 0px !important;}&#8221;]<\/p>\n<p class=\"uvodni_text\" style=\"text-align: center;\">Laura je 3. studenog. 2022. godine, na Medicinskom fakultetu Sveu\u010dili\u0161ta u Zagrebu dobila priznanje Pojedinac uzor 2022. godine, odlukom Nadzornog odbora Hrvatske lige za hipertenziju.<\/p>\n<p class=\"uvodni_text\" style=\"text-align: center;\">\u201cOvo priznanje dobili ste ispunjavaju\u0107i kriterije Hrvatske lige za hipertenziju jer ste svojim aktivnostima pomogli i potakli rad Hrvatske lige za hipertenziju, a uz to svojim primjerom ste pokazali kako treba promovirati zdrav na\u010din \u017eivota.\u201d dio poruke Akademika Bojana Jelakovi\u0107a.<\/p>\n<p>[\/vc_column_text][\/vc_column][vc_column css_animation=&#8221;appear&#8221; el_class=&#8221;naslovna_img&#8221; css=&#8221;.vc_custom_1669427554137{margin-bottom: 0px !important;padding-right: 50px !important;padding-left: 50px !important;}&#8221;][vc_single_image image=&#8221;64&#8243; img_size=&#8221;full&#8221; alignment=&#8221;center&#8221; css=&#8221;.vc_custom_1653552021174{margin-bottom: 0px !important;}&#8221;][\/vc_column][vc_column css_animation=&#8221;none&#8221; el_class=&#8221;text text_naslovna&#8221; css=&#8221;.vc_custom_1673862004627{padding-right: 0px !important;padding-left: 0px !important;}&#8221;][vc_column_text css_animation=&#8221;fadeInLeft&#8221; css=&#8221;.vc_custom_1673866637328{margin-bottom: 80px !important;padding-right: 0px !important;padding-left: 0px !important;}&#8221; el_id=&#8221;mi_iz_leure&#8221;]Mi iz Leure Book Publishera predstavljamo prvu knjigu zbirku poezije , mlade 17 godi\u0161nje autorice, na engleskom jeziku, What should it be. Cilj projekta je motivirati mlade talentirane autore da poka\u017eu svoj rad i djela koja mogu biti inspiracija drugima da kroz pisanje izraze sebe i svoje vi\u0111enje aktualnih tema. U projekt su uklju\u010deni vrhunski stru\u010dnjaci sa me\u0111unarodnom karijerom.<\/p>\n<p>Ilustratori: Smiljana \u010coh Leone i Fabio Leone. Grafi\u010dka dizajnerica Zrinka Zidari\u0107. Lektorica Maja Grabar.<\/p>\n<p>[\/vc_column_text][vc_column_text css_animation=&#8221;fadeInLeft&#8221; el_id=&#8221;what_should_it_be_citac&#8221;]<a href=\"https:\/\/leurebookpublisher.com\/wp-content\/uploads\/2022\/06\/What-Should-it-Be-preview.pdf\" class=\"pdfemb-viewer\" style=\"width: 300px; \" data-width=\"300\" data-height=\"max\"  data-toolbar=\"bottom\" data-toolbar-fixed=\"on\">What-Should-it-Be-preview<br\/><\/a>[\/vc_column_text][\/vc_column][vc_column css_animation=&#8221;fadeInLeft&#8221; el_id=&#8221;narudzba_text&#8221; css=&#8221;.vc_custom_1653826718597{padding-right: 0px !important;padding-left: 0px !important;}&#8221;][vc_column_text el_class=&#8221;text text_webshop&#8221; css=&#8221;.vc_custom_1655296063246{padding-right: 0px !important;padding-left: 0px !important;}&#8221;]Knjigu mo\u017eete naru\u010diti u printanoj ili digitalnoj verziji putem <a href=\"mailto:ecaticcuti@gmail.com\">e-maila<\/a>.[\/vc_column_text][\/vc_column][\/vc_row][vc_row css=&#8221;.vc_custom_1653823718194{margin-right: 0px !important;margin-left: 0px !important;}&#8221;][vc_column css_animation=&#8221;appear&#8221; el_class=&#8221;naslovna_img&#8221; css=&#8221;.vc_custom_1673862509264{margin-bottom: 0px !important;padding-right: 50px !important;padding-left: 50px !important;}&#8221;][vc_single_image image=&#8221;393&#8243; img_size=&#8221;full&#8221; alignment=&#8221;center&#8221; css=&#8221;.vc_custom_1670017101650{margin-bottom: 0px !important;}&#8221;][\/vc_column][vc_column css_animation=&#8221;fadeInLeft&#8221; el_class=&#8221;text text_naslovna&#8221; css=&#8221;.vc_custom_1673862797058{padding-right: 0px !important;padding-left: 0px !important;}&#8221;][vc_column_text css_animation=&#8221;fadeInLeft&#8221; css=&#8221;.vc_custom_1673863233417{margin-bottom: 80px !important;padding-right: 0px !important;padding-left: 0px !important;}&#8221;]Leure Book Publisher predstavlja prvu knjigu zbirku poezije, mlade 17 godi\u0161nje autorice, na hrvatskom jeziku, &#8216;Prve simpatije&#8217;.<\/p>\n<p class=\"text_margin_bottom_none\">Laurini stihovi potrebni su nam i kako bismo se podsjetili da smo ispred ljubavi ustvari svi jednako mali.<\/p>\n<p style=\"text-align: right;\">Dobrila Zvonarek, prof.<\/p>\n<p>Ilustratori: Smiljana \u010coh Leone i Fabio Leone. Grafi\u010dka dizajnerica Zrinka Zidari\u0107. Lektorica Maja Grabar.[\/vc_column_text][vc_column_text css_animation=&#8221;fadeInLeft&#8221; el_id=&#8221;prve_simpatije_citac&#8221;]<a href=\"https:\/\/leurebookpublisher.com\/wp-content\/uploads\/2022\/11\/Laura-Cuti-Saljive-ljubavne-pjesme-lektorirano-bez-brojeva-za-web.pdf\" class=\"pdfemb-viewer\" style=\"width: 300px; \" data-width=\"300\" data-height=\"max\"  data-toolbar=\"bottom\" data-toolbar-fixed=\"on\">Laura-Cuti-Saljive-ljubavne-pjesme-lektorirano-bez-brojeva-za-web<br\/><\/a>[\/vc_column_text][vc_column_text el_class=&#8221;text text_webshop&#8221; css=&#8221;.vc_custom_1655296063246{padding-right: 0px !important;padding-left: 0px !important;}&#8221;]Knjigu mo\u017eete naru\u010diti u printanoj ili digitalnoj verziji putem <a href=\"mailto:ecaticcuti@gmail.com\">e-maila<\/a>.[\/vc_column_text][\/vc_column][\/vc_row]<\/p>\n","protected":false},"excerpt":{"rendered":"<p>[vc_row el_id=&#8221;naslovnica_sadrzaj&#8221; css=&#8221;.vc_custom_1673870806750{margin-top: 60px !important;margin-right: 0px !important;margin-left: 0px !important;}&#8221;][vc_column css_animation=&#8221;fadeIn&#8221; css=&#8221;.vc_custom_1673862243930{margin-bottom: 20px !important;padding-right: 50px !important;padding-left: 50px !important;}&#8221;][vc_column_text css=&#8221;.vc_custom_1673860529739{padding-right: 0px !important;padding-left: [&hellip;]<\/p>\n","protected":false},"author":1,"featured_media":0,"parent":0,"menu_order":0,"comment_status":"open","ping_status":"closed","template":"","meta":{"footnotes":""},"class_list":["post-165","page","type-page","status-publish","hentry"],"_links":{"self":[{"href":"https:\/\/leurebookpublisher.com\/index.php?rest_route=\/wp\/v2\/pages\/165","targetHints":{"allow":["GET"]}}],"collection":[{"href":"https:\/\/leurebookpublisher.com\/index.php?rest_route=\/wp\/v2\/pages"}],"about":[{"href":"https:\/\/leurebookpublisher.com\/index.php?rest_route=\/wp\/v2\/types\/page"}],"author":[{"embeddable":true,"href":"https:\/\/leurebookpublisher.com\/index.php?rest_route=\/wp\/v2\/users\/1"}],"replies":[{"embeddable":true,"href":"https:\/\/leurebookpublisher.com\/index.php?rest_route=%2Fwp%2Fv2%2Fcomments&post=165"}],"version-history":[{"count":68,"href":"https:\/\/leurebookpublisher.com\/index.php?rest_route=\/wp\/v2\/pages\/165\/revisions"}],"predecessor-version":[{"id":511,"href":"https:\/\/leurebookpublisher.com\/index.php?rest_route=\/wp\/v2\/pages\/165\/revisions\/511"}],"wp:attachment":[{"href":"https:\/\/leurebookpublisher.com\/index.php?rest_route=%2Fwp%2Fv2%2Fmedia&parent=165"}],"curies":[{"name":"wp","href":"https:\/\/api.w.org\/{rel}","templated":true}]}}